{"id":96,"date":"2018-06-18T06:57:57","date_gmt":"2018-06-18T06:57:57","guid":{"rendered":"https:\/\/studio-morgan.com\/about\/"},"modified":"2026-04-19T00:18:44","modified_gmt":"2026-04-19T00:18:44","slug":"nosotros","status":"publish","type":"page","link":"https:\/\/studio-morgan.com\/en\/nosotros\/","title":{"rendered":"Nosotros"},"content":{"rendered":"<div data-elementor-type=\"wp-post\" data-elementor-id=\"96\" class=\"elementor elementor-96\" data-elementor-post-type=\"page\">\n\t\t\t\t\t\t<section class=\"elementor-section elementor-top-section elementor-element elementor-element-e996d33 elementor-section-stretched elementor-section-boxed elementor-section-height-default elementor-section-height-default\" data-id=\"e996d33\" data-element_type=\"section\" data-settings=\"{&quot;stretch_section&quot;:&quot;section-stretched&quot;}\">\n\t\t\t\t\t\t<div class=\"elementor-container elementor-column-gap-default\">\n\t\t\t\t\t<div class=\"elementor-column elementor-col-100 elementor-top-column elementor-element elementor-element-eb0336b\" data-id=\"eb0336b\" data-element_type=\"column\">\n\t\t\t<div class=\"elementor-widget-wrap elementor-element-populated\">\n\t\t\t\t\t\t<div class=\"elementor-element elementor-element-16e23cdb elementor-widget__width-initial elementor--h-position-center elementor--v-position-middle elementor-arrows-position-inside elementor-pagination-position-inside elementor-widget elementor-widget-slides\" data-id=\"16e23cdb\" data-element_type=\"widget\" data-settings=\"{&quot;transition&quot;:&quot;fade&quot;,&quot;navigation&quot;:&quot;both&quot;,&quot;autoplay&quot;:&quot;yes&quot;,&quot;pause_on_hover&quot;:&quot;yes&quot;,&quot;pause_on_interaction&quot;:&quot;yes&quot;,&quot;autoplay_speed&quot;:5000,&quot;infinite&quot;:&quot;yes&quot;,&quot;transition_speed&quot;:500}\" data-widget_type=\"slides.default\">\n\t\t\t\t<div class=\"elementor-widget-container\">\n\t\t\t\t\t<div class=\"elementor-swiper\">\n\t\t\t<div class=\"elementor-slides-wrapper elementor-main-swiper swiper\" dir=\"ltr\" data-animation=\"fadeInUp\">\n\t\t\t\t<div class=\"swiper-wrapper elementor-slides\">\n\t\t\t\t\t\t\t\t\t\t<div class=\"elementor-repeater-item-67862f6 swiper-slide\"><div class=\"swiper-slide-bg\" role=\"img\"><\/div><div class=\"swiper-slide-inner\" ><div class=\"swiper-slide-contents\"><\/div><\/div><\/div><div class=\"elementor-repeater-item-f2e0230 swiper-slide\"><div class=\"swiper-slide-bg\" role=\"img\"><\/div><div class=\"swiper-slide-inner\" ><div class=\"swiper-slide-contents\"><\/div><\/div><\/div><div class=\"elementor-repeater-item-1681895 swiper-slide\"><div class=\"swiper-slide-bg\" role=\"img\"><\/div><div class=\"swiper-slide-inner\" ><div class=\"swiper-slide-contents\"><\/div><\/div><\/div>\t\t\t\t<\/div>\n\t\t\t\t\t\t\t\t\t\t\t\t\t\t\t<div class=\"swiper-pagination\"><\/div>\n\t\t\t\t\t\t\t\t\t\t\t\t\t\t\t\t<div class=\"elementor-swiper-button elementor-swiper-button-prev\" role=\"button\" tabindex=\"0\">\n\t\t\t\t\t\t\t<i aria-hidden=\"true\" class=\"eicon-chevron-left\"><\/i>\t\t\t\t\t\t\t<span class=\"elementor-screen-only\">Previous slide<\/span>\n\t\t\t\t\t\t<\/div>\n\t\t\t\t\t\t<div class=\"elementor-swiper-button elementor-swiper-button-next\" role=\"button\" tabindex=\"0\">\n\t\t\t\t\t\t\t<i aria-hidden=\"true\" class=\"eicon-chevron-right\"><\/i>\t\t\t\t\t\t\t<span class=\"elementor-screen-only\">Next slide<\/span>\n\t\t\t\t\t\t<\/div>\n\t\t\t\t\t\t\t\t\t\t\t\t<\/div>\n\t\t<\/div>\n\t\t\t\t<\/div>\n\t\t\t\t<\/div>\n\t\t\t\t\t<\/div>\n\t\t<\/div>\n\t\t\t\t\t<\/div>\n\t\t<\/section>\n\t\t\t\t<section class=\"elementor-section elementor-top-section elementor-element elementor-element-33cd9e6e elementor-section-stretched elementor-section-boxed elementor-section-height-default elementor-section-height-default\" data-id=\"33cd9e6e\" data-element_type=\"section\" data-settings=\"{&quot;stretch_section&quot;:&quot;section-stretched&quot;}\">\n\t\t\t\t\t\t<div class=\"elementor-container elementor-column-gap-no\">\n\t\t\t\t\t<div class=\"elementor-column elementor-col-100 elementor-top-column elementor-element elementor-element-5809d350\" data-id=\"5809d350\" data-element_type=\"column\">\n\t\t\t<div class=\"elementor-widget-wrap elementor-element-populated\">\n\t\t\t\t\t\t<section class=\"elementor-section elementor-inner-section elementor-element elementor-element-5526c5da elementor-section-boxed elementor-section-height-default elementor-section-height-default\" data-id=\"5526c5da\" data-element_type=\"section\">\n\t\t\t\t\t\t<div class=\"elementor-container elementor-column-gap-default\">\n\t\t\t\t\t<div class=\"elementor-column elementor-col-100 elementor-inner-column elementor-element elementor-element-70b8dc45\" data-id=\"70b8dc45\" data-element_type=\"column\">\n\t\t\t<div class=\"elementor-widget-wrap elementor-element-populated\">\n\t\t\t\t\t\t<div class=\"elementor-element elementor-element-6cfabec0 elementor-vertical-align-middle elementor-widget elementor-widget-image-box\" data-id=\"6cfabec0\" data-element_type=\"widget\" data-widget_type=\"image-box.default\">\n\t\t\t\t<div class=\"elementor-widget-container\">\n\t\t\t<div class=\"elementor-image-box-wrapper\"><div class=\"elementor-image-box-content\"><p class=\"elementor-image-box-description\">Somos Morganstudio, un estudio de arquitectura e interiorismo comercial.\n\nNos especializamos en ir m\u00e1s all\u00e1 de la est\u00e9tica superficial, creando espacios que se viven, se sienten y cuentan una historia con un profundo sentido art\u00edstico.\n\nAnalizamos cada marca y cada cliente desde una estrategia y un concepto s\u00f3lido que gu\u00eda cada aspecto del proyecto.\n\nConstruimos emoci\u00f3n a partir de una experiencia 360, donde cada decisi\u00f3n est\u00e1 pensada: desde la morfolog\u00eda y la selecci\u00f3n de materiales, hasta la iluminaci\u00f3n y la integraci\u00f3n de la vegetaci\u00f3n.\n\nDise\u00f1amos desde Mendoza, pero creamos sin l\u00edmites.\n\nSomos arquitectura con intenci\u00f3n.<\/p><\/div><\/div>\t\t<\/div>\n\t\t\t\t<\/div>\n\t\t\t\t\t<\/div>\n\t\t<\/div>\n\t\t\t\t\t<\/div>\n\t\t<\/section>\n\t\t\t\t<section class=\"elementor-section elementor-inner-section elementor-element elementor-element-4a753479 elementor-section-boxed elementor-section-height-default elementor-section-height-default\" data-id=\"4a753479\" data-element_type=\"section\">\n\t\t\t\t\t\t<div class=\"elementor-container elementor-column-gap-default\">\n\t\t\t\t\t<div class=\"elementor-column elementor-col-33 elementor-inner-column elementor-element elementor-element-677d66aa\" data-id=\"677d66aa\" data-element_type=\"column\">\n\t\t\t<div class=\"elementor-widget-wrap elementor-element-populated\">\n\t\t\t\t\t\t<div class=\"elementor-element elementor-element-27029b23 elementor-widget__width-initial elementor-position-top elementor-widget elementor-widget-image-box\" data-id=\"27029b23\" data-element_type=\"widget\" data-widget_type=\"image-box.default\">\n\t\t\t\t<div class=\"elementor-widget-container\">\n\t\t\t<div class=\"elementor-image-box-wrapper\"><figure class=\"elementor-image-box-img\"><img fetchpriority=\"high\" decoding=\"async\" width=\"1707\" height=\"2560\" src=\"https:\/\/studio-morgan.com\/wp-content\/uploads\/2026\/04\/MAL6840-1-01-scaled.jpg\" class=\"attachment-full size-full wp-image-9459\" alt=\"\" srcset=\"https:\/\/studio-morgan.com\/wp-content\/uploads\/2026\/04\/MAL6840-1-01-scaled.jpg 1707w, https:\/\/studio-morgan.com\/wp-content\/uploads\/2026\/04\/MAL6840-1-01-200x300.jpg 200w, https:\/\/studio-morgan.com\/wp-content\/uploads\/2026\/04\/MAL6840-1-01-683x1024.jpg 683w, https:\/\/studio-morgan.com\/wp-content\/uploads\/2026\/04\/MAL6840-1-01-768x1152.jpg 768w, https:\/\/studio-morgan.com\/wp-content\/uploads\/2026\/04\/MAL6840-1-01-1024x1536.jpg 1024w, https:\/\/studio-morgan.com\/wp-content\/uploads\/2026\/04\/MAL6840-1-01-1365x2048.jpg 1365w, https:\/\/studio-morgan.com\/wp-content\/uploads\/2026\/04\/MAL6840-1-01-8x12.jpg 8w, https:\/\/studio-morgan.com\/wp-content\/uploads\/2026\/04\/MAL6840-1-01-600x900.jpg 600w\" sizes=\"(max-width: 1707px) 100vw, 1707px\" \/><\/figure><div class=\"elementor-image-box-content\"><h3 class=\"elementor-image-box-title\">Mar\u00eda Bel\u00e9n Morgan<\/h3><p class=\"elementor-image-box-description\">\"Soy Belu, arquitecta, bailarina y fundadora de Morganstudio. Tambi\u00e9n doy clases en Arquitectura IV en la Universidad de Mendoza.\n\nMe apasiona crear experiencias art\u00edsticas a trav\u00e9s del dise\u00f1o y del universo de cada marca.\n\nMi camino empez\u00f3 durante la facultad, trabajando junto a mi mam\u00e1, donde descubr\u00ed una fascinaci\u00f3n por el dise\u00f1o de espacios comerciales.\n\nDesde entonces, entend\u00ed que dise\u00f1ar no es solo proyectar un espacio, sino construir una experiencia que se vive, se siente y transmite algo \u00fanico.\"<\/p><\/div><\/div>\t\t<\/div>\n\t\t\t\t<\/div>\n\t\t\t\t\t<\/div>\n\t\t<\/div>\n\t\t\t\t<div class=\"elementor-column elementor-col-33 elementor-inner-column elementor-element elementor-element-9ba34b7\" data-id=\"9ba34b7\" data-element_type=\"column\">\n\t\t\t<div class=\"elementor-widget-wrap elementor-element-populated\">\n\t\t\t\t\t\t<div class=\"elementor-element elementor-element-1c3f86a3 elementor-widget__width-initial elementor-position-top elementor-widget elementor-widget-image-box\" data-id=\"1c3f86a3\" data-element_type=\"widget\" data-widget_type=\"image-box.default\">\n\t\t\t\t<div class=\"elementor-widget-container\">\n\t\t\t<div class=\"elementor-image-box-wrapper\"><figure class=\"elementor-image-box-img\"><img decoding=\"async\" width=\"1707\" height=\"2560\" src=\"https:\/\/studio-morgan.com\/wp-content\/uploads\/2026\/04\/MAL6851-1-scaled.jpg\" class=\"attachment-full size-full wp-image-9460\" alt=\"\" srcset=\"https:\/\/studio-morgan.com\/wp-content\/uploads\/2026\/04\/MAL6851-1-scaled.jpg 1707w, https:\/\/studio-morgan.com\/wp-content\/uploads\/2026\/04\/MAL6851-1-200x300.jpg 200w, https:\/\/studio-morgan.com\/wp-content\/uploads\/2026\/04\/MAL6851-1-683x1024.jpg 683w, https:\/\/studio-morgan.com\/wp-content\/uploads\/2026\/04\/MAL6851-1-768x1152.jpg 768w, https:\/\/studio-morgan.com\/wp-content\/uploads\/2026\/04\/MAL6851-1-1024x1536.jpg 1024w, https:\/\/studio-morgan.com\/wp-content\/uploads\/2026\/04\/MAL6851-1-1365x2048.jpg 1365w, https:\/\/studio-morgan.com\/wp-content\/uploads\/2026\/04\/MAL6851-1-8x12.jpg 8w, https:\/\/studio-morgan.com\/wp-content\/uploads\/2026\/04\/MAL6851-1-600x900.jpg 600w\" sizes=\"(max-width: 1707px) 100vw, 1707px\" \/><\/figure><div class=\"elementor-image-box-content\"><h3 class=\"elementor-image-box-title\">Nicole Wiederhold<\/h3><p class=\"elementor-image-box-description\">\"Soy Nico, arquitecta. Me gusta mantenerme activa, estar al aire libre y hacer deporte; es donde recargo energ\u00eda y despejo la cabeza. Disfruto mucho trabajar en equipo y compartir procesos, porque siento que las mejores ideas salen de ah\u00ed. Me inspiran las cosas simples y lo cotidiano, lo que pasa todos los d\u00edas y a veces ni se nota, pero termina haciendo la diferencia.\"<\/p><\/div><\/div>\t\t<\/div>\n\t\t\t\t<\/div>\n\t\t\t\t\t<\/div>\n\t\t<\/div>\n\t\t\t\t<div class=\"elementor-column elementor-col-33 elementor-inner-column elementor-element elementor-element-6c09077a\" data-id=\"6c09077a\" data-element_type=\"column\">\n\t\t\t<div class=\"elementor-widget-wrap elementor-element-populated\">\n\t\t\t\t\t\t<div class=\"elementor-element elementor-element-17df6ab6 elementor-widget__width-initial elementor-position-top elementor-widget elementor-widget-image-box\" data-id=\"17df6ab6\" data-element_type=\"widget\" data-widget_type=\"image-box.default\">\n\t\t\t\t<div class=\"elementor-widget-container\">\n\t\t\t<div class=\"elementor-image-box-wrapper\"><figure class=\"elementor-image-box-img\"><img decoding=\"async\" width=\"1707\" height=\"2560\" src=\"https:\/\/studio-morgan.com\/wp-content\/uploads\/2026\/04\/MAL6860-1-scaled.jpg\" class=\"attachment-full size-full wp-image-9461\" alt=\"\" srcset=\"https:\/\/studio-morgan.com\/wp-content\/uploads\/2026\/04\/MAL6860-1-scaled.jpg 1707w, https:\/\/studio-morgan.com\/wp-content\/uploads\/2026\/04\/MAL6860-1-200x300.jpg 200w, https:\/\/studio-morgan.com\/wp-content\/uploads\/2026\/04\/MAL6860-1-683x1024.jpg 683w, https:\/\/studio-morgan.com\/wp-content\/uploads\/2026\/04\/MAL6860-1-768x1152.jpg 768w, https:\/\/studio-morgan.com\/wp-content\/uploads\/2026\/04\/MAL6860-1-1024x1536.jpg 1024w, https:\/\/studio-morgan.com\/wp-content\/uploads\/2026\/04\/MAL6860-1-1365x2048.jpg 1365w, https:\/\/studio-morgan.com\/wp-content\/uploads\/2026\/04\/MAL6860-1-8x12.jpg 8w, https:\/\/studio-morgan.com\/wp-content\/uploads\/2026\/04\/MAL6860-1-600x900.jpg 600w\" sizes=\"(max-width: 1707px) 100vw, 1707px\" \/><\/figure><div class=\"elementor-image-box-content\"><h3 class=\"elementor-image-box-title\">Guillermina Drago<\/h3><p class=\"elementor-image-box-description\">\"Soy Guille, arquitecta, y entiendo cada proyecto como una oportunidad para explorar nuevas formas de crear. Soy una persona curiosa,  me atrae la creatividad y los desaf\u00edos. Me gusta observar, cuestionar y animarme a arriesgar en cada proceso proyectual. Vivo la arquitectura como estilo de vida, con una mirada de interpretar el mundo y transformarlo, buscando siempre un equilibrio entre sensibilidad, innovaci\u00f3n y funcionalidad.\"<\/p><\/div><\/div>\t\t<\/div>\n\t\t\t\t<\/div>\n\t\t\t\t\t<\/div>\n\t\t<\/div>\n\t\t\t\t\t<\/div>\n\t\t<\/section>\n\t\t\t\t<section class=\"elementor-section elementor-inner-section elementor-element elementor-element-b363e44 elementor-section-boxed elementor-section-height-default elementor-section-height-default\" data-id=\"b363e44\" data-element_type=\"section\">\n\t\t\t\t\t\t<div class=\"elementor-container elementor-column-gap-default\">\n\t\t\t\t\t<div class=\"elementor-column elementor-col-33 elementor-inner-column elementor-element elementor-element-ac543ea\" data-id=\"ac543ea\" data-element_type=\"column\">\n\t\t\t<div class=\"elementor-widget-wrap elementor-element-populated\">\n\t\t\t\t\t\t<div class=\"elementor-element elementor-element-32cd117 elementor-widget__width-initial elementor-position-top elementor-widget elementor-widget-image-box\" data-id=\"32cd117\" data-element_type=\"widget\" data-widget_type=\"image-box.default\">\n\t\t\t\t<div class=\"elementor-widget-container\">\n\t\t\t<div class=\"elementor-image-box-wrapper\"><figure class=\"elementor-image-box-img\"><img loading=\"lazy\" decoding=\"async\" width=\"1707\" height=\"2560\" src=\"https:\/\/studio-morgan.com\/wp-content\/uploads\/2026\/04\/MAL6895-1-scaled.jpg\" class=\"attachment-full size-full wp-image-9464\" alt=\"\" srcset=\"https:\/\/studio-morgan.com\/wp-content\/uploads\/2026\/04\/MAL6895-1-scaled.jpg 1707w, https:\/\/studio-morgan.com\/wp-content\/uploads\/2026\/04\/MAL6895-1-200x300.jpg 200w, https:\/\/studio-morgan.com\/wp-content\/uploads\/2026\/04\/MAL6895-1-683x1024.jpg 683w, https:\/\/studio-morgan.com\/wp-content\/uploads\/2026\/04\/MAL6895-1-768x1152.jpg 768w, https:\/\/studio-morgan.com\/wp-content\/uploads\/2026\/04\/MAL6895-1-1024x1536.jpg 1024w, https:\/\/studio-morgan.com\/wp-content\/uploads\/2026\/04\/MAL6895-1-1365x2048.jpg 1365w, https:\/\/studio-morgan.com\/wp-content\/uploads\/2026\/04\/MAL6895-1-8x12.jpg 8w, https:\/\/studio-morgan.com\/wp-content\/uploads\/2026\/04\/MAL6895-1-600x900.jpg 600w\" sizes=\"(max-width: 1707px) 100vw, 1707px\" \/><\/figure><div class=\"elementor-image-box-content\"><h3 class=\"elementor-image-box-title\">Maria Pace<\/h3><p class=\"elementor-image-box-description\">\"Soy Mari, arquitecta. Concibo cada proyecto como un proceso que requiere observaci\u00f3n, an\u00e1lisis y tiempo donde que cada idea se desarrolla con claridad y sentido.\n\nSoy una persona ordenada, estructurada detallista, con un enfoque de trabajo met\u00f3dico. Me interesa la simplicidad como forma de dise\u00f1o, buscando espacios claros, prolijos, equilibrados donde cada elemento encuentra su prop\u00f3sito. \n\nEntiendo el dise\u00f1o como un proceso esencialmente colaborativo. Disfruto del trabajo en equipo y del intercambio con otros.\"<\/p><\/div><\/div>\t\t<\/div>\n\t\t\t\t<\/div>\n\t\t\t\t\t<\/div>\n\t\t<\/div>\n\t\t\t\t<div class=\"elementor-column elementor-col-33 elementor-inner-column elementor-element elementor-element-bd7553d\" data-id=\"bd7553d\" data-element_type=\"column\">\n\t\t\t<div class=\"elementor-widget-wrap elementor-element-populated\">\n\t\t\t\t\t\t<div class=\"elementor-element elementor-element-4536378 elementor-widget__width-initial elementor-position-top elementor-widget elementor-widget-image-box\" data-id=\"4536378\" data-element_type=\"widget\" data-widget_type=\"image-box.default\">\n\t\t\t\t<div class=\"elementor-widget-container\">\n\t\t\t<div class=\"elementor-image-box-wrapper\"><figure class=\"elementor-image-box-img\"><img loading=\"lazy\" decoding=\"async\" width=\"1707\" height=\"2560\" src=\"https:\/\/studio-morgan.com\/wp-content\/uploads\/2026\/04\/MAL6878-1-scaled.jpg\" class=\"attachment-full size-full wp-image-9462\" alt=\"\" srcset=\"https:\/\/studio-morgan.com\/wp-content\/uploads\/2026\/04\/MAL6878-1-scaled.jpg 1707w, https:\/\/studio-morgan.com\/wp-content\/uploads\/2026\/04\/MAL6878-1-200x300.jpg 200w, https:\/\/studio-morgan.com\/wp-content\/uploads\/2026\/04\/MAL6878-1-683x1024.jpg 683w, https:\/\/studio-morgan.com\/wp-content\/uploads\/2026\/04\/MAL6878-1-768x1152.jpg 768w, https:\/\/studio-morgan.com\/wp-content\/uploads\/2026\/04\/MAL6878-1-1024x1536.jpg 1024w, https:\/\/studio-morgan.com\/wp-content\/uploads\/2026\/04\/MAL6878-1-1365x2048.jpg 1365w, https:\/\/studio-morgan.com\/wp-content\/uploads\/2026\/04\/MAL6878-1-8x12.jpg 8w, https:\/\/studio-morgan.com\/wp-content\/uploads\/2026\/04\/MAL6878-1-600x900.jpg 600w\" sizes=\"(max-width: 1707px) 100vw, 1707px\" \/><\/figure><div class=\"elementor-image-box-content\"><h3 class=\"elementor-image-box-title\">Milagros Waisman<\/h3><p class=\"elementor-image-box-description\">\"Soy Mili, arquitecta, me desarrollo en el \u00e1rea de direcci\u00f3n t\u00e9cnica y administraci\u00f3n de obra. \nMe apasiona acompa\u00f1ar cada obra de cerca, aportando organizaci\u00f3n, seguimiento y compromiso para que las ideas se transformen en resultados incre\u00edbles. \nDisfruto mucho trabajar en equipo, coordinar y estar en cada detalle para que cada obra avance de la mejor manera. \nEn el estudio encontr\u00e9, adem\u00e1s, un espacio de mucho aprendizaje y crecimiento profesional.\"<\/p><\/div><\/div>\t\t<\/div>\n\t\t\t\t<\/div>\n\t\t\t\t\t<\/div>\n\t\t<\/div>\n\t\t\t\t<div class=\"elementor-column elementor-col-33 elementor-inner-column elementor-element elementor-element-28978fc\" data-id=\"28978fc\" data-element_type=\"column\">\n\t\t\t<div class=\"elementor-widget-wrap elementor-element-populated\">\n\t\t\t\t\t\t<div class=\"elementor-element elementor-element-0914e45 elementor-widget__width-initial elementor-position-top elementor-widget elementor-widget-image-box\" data-id=\"0914e45\" data-element_type=\"widget\" data-widget_type=\"image-box.default\">\n\t\t\t\t<div class=\"elementor-widget-container\">\n\t\t\t<div class=\"elementor-image-box-wrapper\"><figure class=\"elementor-image-box-img\"><img loading=\"lazy\" decoding=\"async\" width=\"1707\" height=\"2560\" src=\"https:\/\/studio-morgan.com\/wp-content\/uploads\/2026\/04\/MAL6885-1-scaled.jpg\" class=\"attachment-full size-full wp-image-9463\" alt=\"\" srcset=\"https:\/\/studio-morgan.com\/wp-content\/uploads\/2026\/04\/MAL6885-1-scaled.jpg 1707w, https:\/\/studio-morgan.com\/wp-content\/uploads\/2026\/04\/MAL6885-1-200x300.jpg 200w, https:\/\/studio-morgan.com\/wp-content\/uploads\/2026\/04\/MAL6885-1-683x1024.jpg 683w, https:\/\/studio-morgan.com\/wp-content\/uploads\/2026\/04\/MAL6885-1-768x1152.jpg 768w, https:\/\/studio-morgan.com\/wp-content\/uploads\/2026\/04\/MAL6885-1-1024x1536.jpg 1024w, https:\/\/studio-morgan.com\/wp-content\/uploads\/2026\/04\/MAL6885-1-1365x2048.jpg 1365w, https:\/\/studio-morgan.com\/wp-content\/uploads\/2026\/04\/MAL6885-1-8x12.jpg 8w, https:\/\/studio-morgan.com\/wp-content\/uploads\/2026\/04\/MAL6885-1-600x900.jpg 600w\" sizes=\"(max-width: 1707px) 100vw, 1707px\" \/><\/figure><div class=\"elementor-image-box-content\"><h3 class=\"elementor-image-box-title\">Camila Fekonja<\/h3><p class=\"elementor-image-box-description\">\"Soy Guille, una persona curiosa y apasionada por la Arquitectura como estilo de vida.<br>Me dedico a ampliar y perfeccionar mis habilidades, siempre abierta a nuevas experiencias y desaf\u00edos.<br>Mi objetivo es utilizar mis conocimientos para desarrollar proyectos que impacten positivamente en el entorno\"<\/p><\/div><\/div>\t\t<\/div>\n\t\t\t\t<\/div>\n\t\t\t\t\t<\/div>\n\t\t<\/div>\n\t\t\t\t\t<\/div>\n\t\t<\/section>\n\t\t\t\t\t<\/div>\n\t\t<\/div>\n\t\t\t\t\t<\/div>\n\t\t<\/section>\n\t\t\t\t<section class=\"elementor-section elementor-top-section elementor-element elementor-element-6afcc003 elementor-section-boxed elementor-section-height-default elementor-section-height-default\" data-id=\"6afcc003\" data-element_type=\"section\">\n\t\t\t\t\t\t<div class=\"elementor-container elementor-column-gap-default\">\n\t\t\t\t\t<div class=\"elementor-column elementor-col-100 elementor-top-column elementor-element elementor-element-addb454\" data-id=\"addb454\" data-element_type=\"column\">\n\t\t\t<div class=\"elementor-widget-wrap\">\n\t\t\t\t\t\t\t<\/div>\n\t\t<\/div>\n\t\t\t\t\t<\/div>\n\t\t<\/section>\n\t\t\t\t<\/div>","protected":false},"excerpt":{"rendered":"<p>Previous slide Next slide Somos Morganstudio, un estudio de arquitectura e interiorismo comercial. Nos especializamos en ir m\u00e1s all\u00e1 de la est\u00e9tica superficial, creando espacios que se viven, se sienten y cuentan una historia con un profundo sentido art\u00edstico. Analizamos cada marca y cada cliente desde una estrategia y un concepto s\u00f3lido que gu\u00eda cada &hellip;<\/p>\n<p class=\"read-more\"> <a class=\"\" href=\"https:\/\/studio-morgan.com\/en\/nosotros\/\"> <span class=\"screen-reader-text\">Nosotros<\/span> Read More &raquo;<\/a><\/p>","protected":false},"author":1,"featured_media":0,"parent":0,"menu_order":0,"comment_status":"closed","ping_status":"closed","template":"","meta":{"_acf_changed":false,"footnotes":""},"class_list":["post-96","page","type-page","status-publish","hentry"],"acf":[],"_links":{"self":[{"href":"https:\/\/studio-morgan.com\/en\/wp-json\/wp\/v2\/pages\/96"}],"collection":[{"href":"https:\/\/studio-morgan.com\/en\/wp-json\/wp\/v2\/pages"}],"about":[{"href":"https:\/\/studio-morgan.com\/en\/wp-json\/wp\/v2\/types\/page"}],"author":[{"embeddable":true,"href":"https:\/\/studio-morgan.com\/en\/wp-json\/wp\/v2\/users\/1"}],"replies":[{"embeddable":true,"href":"https:\/\/studio-morgan.com\/en\/wp-json\/wp\/v2\/comments?post=96"}],"version-history":[{"count":208,"href":"https:\/\/studio-morgan.com\/en\/wp-json\/wp\/v2\/pages\/96\/revisions"}],"predecessor-version":[{"id":9481,"href":"https:\/\/studio-morgan.com\/en\/wp-json\/wp\/v2\/pages\/96\/revisions\/9481"}],"wp:attachment":[{"href":"https:\/\/studio-morgan.com\/en\/wp-json\/wp\/v2\/media?parent=96"}],"curies":[{"name":"wp","href":"https:\/\/api.w.org\/{rel}","templated":true}]}}